{"id":30674,"date":"2025-12-04T12:17:58","date_gmt":"2025-12-04T12:17:58","guid":{"rendered":"https:\/\/layutena.com\/index.php\/producto\/asador-rotativo-nano-rojo-220v\/"},"modified":"2025-12-12T13:12:27","modified_gmt":"2025-12-12T13:12:27","slug":"asador-rotativo-nano-rojo-220v","status":"publish","type":"product","link":"https:\/\/layutena.com\/index.php\/producto\/asador-rotativo-nano-rojo-220v\/","title":{"rendered":"ASADOR ROTATIVO NANO ROJO 220V"},"content":{"rendered":"","protected":false},"excerpt":{"rendered":"<ul>\n<li>Ideal para apartamentos peque\u00f1os y familias peque\u00f1as, para llevar de viaje.<\/li>\n<li>Compacto y ligero, no produce suciedad ni humo.<\/li>\n<li>Ecol\u00f3gicamente correcto estructura de acero al carbono y pintura epoxi superresistente.<\/li>\n<li>Asador giratorio.<\/li>\n<li>Capacidad por espada para 2Kg de carne.<\/li>\n<li>Longitud de las espadas: 58cm<\/li>\n<li>Medidas: 55,6x33x28,5cm<\/li>\n<li>1800W<\/li>\n<\/ul>\n","protected":false},"featured_media":30796,"template":"","meta":[],"product_brand":[],"product_cat":[32],"product_tag":[],"class_list":{"0":"post-30674","1":"product","2":"type-product","3":"status-publish","4":"has-post-thumbnail","6":"product_cat-gastronomia","8":"first","9":"instock","10":"sold-individually","11":"purchasable","12":"product-type-simple"},"yoast_head":"<!-- This site is optimized with the Yoast SEO plugin v27.1.1 - https:\/\/yoast.com\/product\/yoast-seo-wordpress\/ -->\n<title>ASADOR ROTATIVO NANO ROJO 220V - La Yutena<\/title>\n<meta name=\"robots\" content=\"index, follow, max-snippet:-1, max-image-preview:large, max-video-preview:-1\" \/>\n<link rel=\"canonical\" href=\"https:\/\/layutena.com\/index.php\/producto\/asador-rotativo-nano-rojo-220v\/\" \/>\n<meta property=\"og:locale\" content=\"es_ES\" \/>\n<meta property=\"og:type\" content=\"article\" \/>\n<meta property=\"og:title\" content=\"ASADOR ROTATIVO NANO ROJO 220V - La Yutena\" \/>\n<meta property=\"og:description\" content=\"Ideal para apartamentos peque\u00f1os y familias peque\u00f1as, para llevar de viaje.  Compacto y ligero, no produce suciedad ni humo.  Ecol\u00f3gicamente correcto estructura de acero al carbono y pintura epoxi superresistente.  Asador giratorio.  Capacidad por espada para 2Kg de carne.  Longitud de las espadas: 58cm  Medidas: 55,6x33x28,5cm  1800W\" \/>\n<meta property=\"og:url\" content=\"https:\/\/layutena.com\/index.php\/producto\/asador-rotativo-nano-rojo-220v\/\" \/>\n<meta property=\"og:site_name\" content=\"La Yutena\" \/>\n<meta property=\"article:modified_time\" content=\"2025-12-12T13:12:27+00:00\" \/>\n<meta property=\"og:image\" content=\"https:\/\/layutena.com\/wp-content\/uploads\/2025\/12\/4668-1709.png\" \/>\n\t<meta property=\"og:image:width\" content=\"800\" \/>\n\t<meta property=\"og:image:height\" content=\"800\" \/>\n\t<meta property=\"og:image:type\" content=\"image\/png\" \/>\n<meta name=\"twitter:card\" content=\"summary_large_image\" \/>\n<meta name=\"twitter:label1\" content=\"Tiempo de lectura\" \/>\n\t<meta name=\"twitter:data1\" content=\"1 minuto\" \/>\n<script type=\"application\/ld+json\" class=\"yoast-schema-graph\">{\"@context\":\"https:\/\/schema.org\",\"@graph\":[{\"@type\":\"WebPage\",\"@id\":\"https:\/\/layutena.com\/index.php\/producto\/asador-rotativo-nano-rojo-220v\/\",\"url\":\"https:\/\/layutena.com\/index.php\/producto\/asador-rotativo-nano-rojo-220v\/\",\"name\":\"ASADOR ROTATIVO NANO ROJO 220V - La Yutena\",\"isPartOf\":{\"@id\":\"https:\/\/layutena.com\/#website\"},\"primaryImageOfPage\":{\"@id\":\"https:\/\/layutena.com\/index.php\/producto\/asador-rotativo-nano-rojo-220v\/#primaryimage\"},\"image\":{\"@id\":\"https:\/\/layutena.com\/index.php\/producto\/asador-rotativo-nano-rojo-220v\/#primaryimage\"},\"thumbnailUrl\":\"https:\/\/layutena.com\/wp-content\/uploads\/2025\/12\/4668-1709.png\",\"datePublished\":\"2025-12-04T12:17:58+00:00\",\"dateModified\":\"2025-12-12T13:12:27+00:00\",\"breadcrumb\":{\"@id\":\"https:\/\/layutena.com\/index.php\/producto\/asador-rotativo-nano-rojo-220v\/#breadcrumb\"},\"inLanguage\":\"es\",\"potentialAction\":[{\"@type\":\"ReadAction\",\"target\":[\"https:\/\/layutena.com\/index.php\/producto\/asador-rotativo-nano-rojo-220v\/\"]}]},{\"@type\":\"ImageObject\",\"inLanguage\":\"es\",\"@id\":\"https:\/\/layutena.com\/index.php\/producto\/asador-rotativo-nano-rojo-220v\/#primaryimage\",\"url\":\"https:\/\/layutena.com\/wp-content\/uploads\/2025\/12\/4668-1709.png\",\"contentUrl\":\"https:\/\/layutena.com\/wp-content\/uploads\/2025\/12\/4668-1709.png\",\"width\":800,\"height\":800},{\"@type\":\"BreadcrumbList\",\"@id\":\"https:\/\/layutena.com\/index.php\/producto\/asador-rotativo-nano-rojo-220v\/#breadcrumb\",\"itemListElement\":[{\"@type\":\"ListItem\",\"position\":1,\"name\":\"Portada\",\"item\":\"https:\/\/layutena.com\/\"},{\"@type\":\"ListItem\",\"position\":2,\"name\":\"Productos\",\"item\":\"https:\/\/layutena.com\/index.php\/shop\/\"},{\"@type\":\"ListItem\",\"position\":3,\"name\":\"ASADOR ROTATIVO NANO ROJO 220V\"}]},{\"@type\":\"WebSite\",\"@id\":\"https:\/\/layutena.com\/#website\",\"url\":\"https:\/\/layutena.com\/\",\"name\":\"La Yutena\",\"description\":\"\",\"potentialAction\":[{\"@type\":\"SearchAction\",\"target\":{\"@type\":\"EntryPoint\",\"urlTemplate\":\"https:\/\/layutena.com\/?s={search_term_string}\"},\"query-input\":{\"@type\":\"PropertyValueSpecification\",\"valueRequired\":true,\"valueName\":\"search_term_string\"}}],\"inLanguage\":\"es\"}]}<\/script>\n<!-- \/ Yoast SEO plugin. -->","yoast_head_json":{"title":"ASADOR ROTATIVO NANO ROJO 220V - La Yutena","robots":{"index":"index","follow":"follow","max-snippet":"max-snippet:-1","max-image-preview":"max-image-preview:large","max-video-preview":"max-video-preview:-1"},"canonical":"https:\/\/layutena.com\/index.php\/producto\/asador-rotativo-nano-rojo-220v\/","og_locale":"es_ES","og_type":"article","og_title":"ASADOR ROTATIVO NANO ROJO 220V - La Yutena","og_description":"Ideal para apartamentos peque\u00f1os y familias peque\u00f1as, para llevar de viaje.  Compacto y ligero, no produce suciedad ni humo.  Ecol\u00f3gicamente correcto estructura de acero al carbono y pintura epoxi superresistente.  Asador giratorio.  Capacidad por espada para 2Kg de carne.  Longitud de las espadas: 58cm  Medidas: 55,6x33x28,5cm  1800W","og_url":"https:\/\/layutena.com\/index.php\/producto\/asador-rotativo-nano-rojo-220v\/","og_site_name":"La Yutena","article_modified_time":"2025-12-12T13:12:27+00:00","og_image":[{"width":800,"height":800,"url":"https:\/\/layutena.com\/wp-content\/uploads\/2025\/12\/4668-1709.png","type":"image\/png"}],"twitter_card":"summary_large_image","twitter_misc":{"Tiempo de lectura":"1 minuto"},"schema":{"@context":"https:\/\/schema.org","@graph":[{"@type":"WebPage","@id":"https:\/\/layutena.com\/index.php\/producto\/asador-rotativo-nano-rojo-220v\/","url":"https:\/\/layutena.com\/index.php\/producto\/asador-rotativo-nano-rojo-220v\/","name":"ASADOR ROTATIVO NANO ROJO 220V - La Yutena","isPartOf":{"@id":"https:\/\/layutena.com\/#website"},"primaryImageOfPage":{"@id":"https:\/\/layutena.com\/index.php\/producto\/asador-rotativo-nano-rojo-220v\/#primaryimage"},"image":{"@id":"https:\/\/layutena.com\/index.php\/producto\/asador-rotativo-nano-rojo-220v\/#primaryimage"},"thumbnailUrl":"https:\/\/layutena.com\/wp-content\/uploads\/2025\/12\/4668-1709.png","datePublished":"2025-12-04T12:17:58+00:00","dateModified":"2025-12-12T13:12:27+00:00","breadcrumb":{"@id":"https:\/\/layutena.com\/index.php\/producto\/asador-rotativo-nano-rojo-220v\/#breadcrumb"},"inLanguage":"es","potentialAction":[{"@type":"ReadAction","target":["https:\/\/layutena.com\/index.php\/producto\/asador-rotativo-nano-rojo-220v\/"]}]},{"@type":"ImageObject","inLanguage":"es","@id":"https:\/\/layutena.com\/index.php\/producto\/asador-rotativo-nano-rojo-220v\/#primaryimage","url":"https:\/\/layutena.com\/wp-content\/uploads\/2025\/12\/4668-1709.png","contentUrl":"https:\/\/layutena.com\/wp-content\/uploads\/2025\/12\/4668-1709.png","width":800,"height":800},{"@type":"BreadcrumbList","@id":"https:\/\/layutena.com\/index.php\/producto\/asador-rotativo-nano-rojo-220v\/#breadcrumb","itemListElement":[{"@type":"ListItem","position":1,"name":"Portada","item":"https:\/\/layutena.com\/"},{"@type":"ListItem","position":2,"name":"Productos","item":"https:\/\/layutena.com\/index.php\/shop\/"},{"@type":"ListItem","position":3,"name":"ASADOR ROTATIVO NANO ROJO 220V"}]},{"@type":"WebSite","@id":"https:\/\/layutena.com\/#website","url":"https:\/\/layutena.com\/","name":"La Yutena","description":"","potentialAction":[{"@type":"SearchAction","target":{"@type":"EntryPoint","urlTemplate":"https:\/\/layutena.com\/?s={search_term_string}"},"query-input":{"@type":"PropertyValueSpecification","valueRequired":true,"valueName":"search_term_string"}}],"inLanguage":"es"}]}},"jetpack_sharing_enabled":true,"_links":{"self":[{"href":"https:\/\/layutena.com\/index.php\/wp-json\/wp\/v2\/product\/30674","targetHints":{"allow":["GET"]}}],"collection":[{"href":"https:\/\/layutena.com\/index.php\/wp-json\/wp\/v2\/product"}],"about":[{"href":"https:\/\/layutena.com\/index.php\/wp-json\/wp\/v2\/types\/product"}],"version-history":[{"count":2,"href":"https:\/\/layutena.com\/index.php\/wp-json\/wp\/v2\/product\/30674\/revisions"}],"predecessor-version":[{"id":30797,"href":"https:\/\/layutena.com\/index.php\/wp-json\/wp\/v2\/product\/30674\/revisions\/30797"}],"wp:featuredmedia":[{"embeddable":true,"href":"https:\/\/layutena.com\/index.php\/wp-json\/wp\/v2\/media\/30796"}],"wp:attachment":[{"href":"https:\/\/layutena.com\/index.php\/wp-json\/wp\/v2\/media?parent=30674"}],"wp:term":[{"taxonomy":"product_brand","embeddable":true,"href":"https:\/\/layutena.com\/index.php\/wp-json\/wp\/v2\/product_brand?post=30674"},{"taxonomy":"product_cat","embeddable":true,"href":"https:\/\/layutena.com\/index.php\/wp-json\/wp\/v2\/product_cat?post=30674"},{"taxonomy":"product_tag","embeddable":true,"href":"https:\/\/layutena.com\/index.php\/wp-json\/wp\/v2\/product_tag?post=30674"}],"curies":[{"name":"wp","href":"https:\/\/api.w.org\/{rel}","templated":true}]}}