{"id":30604,"date":"2025-11-27T13:23:48","date_gmt":"2025-11-27T13:23:48","guid":{"rendered":"https:\/\/layutena.com\/index.php\/producto\/campana-purificador-60cm-3vel-inox-halog\/"},"modified":"2025-11-27T13:56:49","modified_gmt":"2025-11-27T13:56:49","slug":"campana-purificador-60cm-3vel-inox-halog","status":"publish","type":"product","link":"https:\/\/layutena.com\/index.php\/producto\/campana-purificador-60cm-3vel-inox-halog\/","title":{"rendered":"CAMPANA PURIFICADOR 60CM 3VEL INOX HALOG"},"content":{"rendered":"","protected":false},"excerpt":{"rendered":"<ul>\n<li>Campana extractora de pared<\/li>\n<li>Tradicional<\/li>\n<li>Estrucutra de Acero Inoxidable<\/li>\n<li>Con Luces LED<\/li>\n<li>Filtro de Aluminio<\/li>\n<li>Di\u00e1metro de salida de aire 150 (mm)<\/li>\n<li>Caudal de extracci\u00f3n m\u00edn.\/m\u00e1x. 620 (m3\/h)<\/li>\n<li>Tipo de filtro de grasa: Casete multicapa<\/li>\n<li>Tipo de Control Electr\u00f3nico<\/li>\n<\/ul>\n","protected":false},"featured_media":30611,"template":"","meta":[],"product_brand":[],"product_cat":[130],"product_tag":[],"class_list":{"0":"post-30604","1":"product","2":"type-product","3":"status-publish","4":"has-post-thumbnail","6":"product_cat-cocina","8":"first","9":"instock","10":"sold-individually","11":"product-type-simple"},"yoast_head":"<!-- This site is optimized with the Yoast SEO plugin v27.1.1 - https:\/\/yoast.com\/product\/yoast-seo-wordpress\/ -->\n<title>CAMPANA PURIFICADOR 60CM 3VEL INOX HALOG - La Yutena<\/title>\n<meta name=\"robots\" content=\"index, follow, max-snippet:-1, max-image-preview:large, max-video-preview:-1\" \/>\n<link rel=\"canonical\" href=\"https:\/\/layutena.com\/index.php\/producto\/campana-purificador-60cm-3vel-inox-halog\/\" \/>\n<meta property=\"og:locale\" content=\"es_ES\" \/>\n<meta property=\"og:type\" content=\"article\" \/>\n<meta property=\"og:title\" content=\"CAMPANA PURIFICADOR 60CM 3VEL INOX HALOG - La Yutena\" \/>\n<meta property=\"og:description\" content=\"Campana extractora de pared  Tradicional  Estrucutra de Acero Inoxidable  Con Luces LED  Filtro de Aluminio  Di\u00e1metro de salida de aire 150 (mm)  Caudal de extracci\u00f3n m\u00edn.\/m\u00e1x. 620 (m3\/h)  Tipo de filtro de grasa: Casete multicapa  Tipo de Control Electr\u00f3nico\" \/>\n<meta property=\"og:url\" content=\"https:\/\/layutena.com\/index.php\/producto\/campana-purificador-60cm-3vel-inox-halog\/\" \/>\n<meta property=\"og:site_name\" content=\"La Yutena\" \/>\n<meta property=\"article:modified_time\" content=\"2025-11-27T13:56:49+00:00\" \/>\n<meta property=\"og:image\" content=\"https:\/\/layutena.com\/wp-content\/uploads\/2025\/11\/CMB655X.png\" \/>\n\t<meta property=\"og:image:width\" content=\"800\" \/>\n\t<meta property=\"og:image:height\" content=\"800\" \/>\n\t<meta property=\"og:image:type\" content=\"image\/png\" \/>\n<meta name=\"twitter:card\" content=\"summary_large_image\" \/>\n<meta name=\"twitter:label1\" content=\"Tiempo de lectura\" \/>\n\t<meta name=\"twitter:data1\" content=\"1 minuto\" \/>\n<script type=\"application\/ld+json\" class=\"yoast-schema-graph\">{\"@context\":\"https:\/\/schema.org\",\"@graph\":[{\"@type\":\"WebPage\",\"@id\":\"https:\/\/layutena.com\/index.php\/producto\/campana-purificador-60cm-3vel-inox-halog\/\",\"url\":\"https:\/\/layutena.com\/index.php\/producto\/campana-purificador-60cm-3vel-inox-halog\/\",\"name\":\"CAMPANA PURIFICADOR 60CM 3VEL INOX HALOG - La Yutena\",\"isPartOf\":{\"@id\":\"https:\/\/layutena.com\/#website\"},\"primaryImageOfPage\":{\"@id\":\"https:\/\/layutena.com\/index.php\/producto\/campana-purificador-60cm-3vel-inox-halog\/#primaryimage\"},\"image\":{\"@id\":\"https:\/\/layutena.com\/index.php\/producto\/campana-purificador-60cm-3vel-inox-halog\/#primaryimage\"},\"thumbnailUrl\":\"https:\/\/layutena.com\/wp-content\/uploads\/2025\/11\/CMB655X.png\",\"datePublished\":\"2025-11-27T13:23:48+00:00\",\"dateModified\":\"2025-11-27T13:56:49+00:00\",\"breadcrumb\":{\"@id\":\"https:\/\/layutena.com\/index.php\/producto\/campana-purificador-60cm-3vel-inox-halog\/#breadcrumb\"},\"inLanguage\":\"es\",\"potentialAction\":[{\"@type\":\"ReadAction\",\"target\":[\"https:\/\/layutena.com\/index.php\/producto\/campana-purificador-60cm-3vel-inox-halog\/\"]}]},{\"@type\":\"ImageObject\",\"inLanguage\":\"es\",\"@id\":\"https:\/\/layutena.com\/index.php\/producto\/campana-purificador-60cm-3vel-inox-halog\/#primaryimage\",\"url\":\"https:\/\/layutena.com\/wp-content\/uploads\/2025\/11\/CMB655X.png\",\"contentUrl\":\"https:\/\/layutena.com\/wp-content\/uploads\/2025\/11\/CMB655X.png\",\"width\":800,\"height\":800},{\"@type\":\"BreadcrumbList\",\"@id\":\"https:\/\/layutena.com\/index.php\/producto\/campana-purificador-60cm-3vel-inox-halog\/#breadcrumb\",\"itemListElement\":[{\"@type\":\"ListItem\",\"position\":1,\"name\":\"Portada\",\"item\":\"https:\/\/layutena.com\/\"},{\"@type\":\"ListItem\",\"position\":2,\"name\":\"Productos\",\"item\":\"https:\/\/layutena.com\/index.php\/shop\/\"},{\"@type\":\"ListItem\",\"position\":3,\"name\":\"CAMPANA PURIFICADOR 60CM 3VEL INOX HALOG\"}]},{\"@type\":\"WebSite\",\"@id\":\"https:\/\/layutena.com\/#website\",\"url\":\"https:\/\/layutena.com\/\",\"name\":\"La Yutena\",\"description\":\"\",\"potentialAction\":[{\"@type\":\"SearchAction\",\"target\":{\"@type\":\"EntryPoint\",\"urlTemplate\":\"https:\/\/layutena.com\/?s={search_term_string}\"},\"query-input\":{\"@type\":\"PropertyValueSpecification\",\"valueRequired\":true,\"valueName\":\"search_term_string\"}}],\"inLanguage\":\"es\"}]}<\/script>\n<!-- \/ Yoast SEO plugin. -->","yoast_head_json":{"title":"CAMPANA PURIFICADOR 60CM 3VEL INOX HALOG - La Yutena","robots":{"index":"index","follow":"follow","max-snippet":"max-snippet:-1","max-image-preview":"max-image-preview:large","max-video-preview":"max-video-preview:-1"},"canonical":"https:\/\/layutena.com\/index.php\/producto\/campana-purificador-60cm-3vel-inox-halog\/","og_locale":"es_ES","og_type":"article","og_title":"CAMPANA PURIFICADOR 60CM 3VEL INOX HALOG - La Yutena","og_description":"Campana extractora de pared  Tradicional  Estrucutra de Acero Inoxidable  Con Luces LED  Filtro de Aluminio  Di\u00e1metro de salida de aire 150 (mm)  Caudal de extracci\u00f3n m\u00edn.\/m\u00e1x. 620 (m3\/h)  Tipo de filtro de grasa: Casete multicapa  Tipo de Control Electr\u00f3nico","og_url":"https:\/\/layutena.com\/index.php\/producto\/campana-purificador-60cm-3vel-inox-halog\/","og_site_name":"La Yutena","article_modified_time":"2025-11-27T13:56:49+00:00","og_image":[{"width":800,"height":800,"url":"https:\/\/layutena.com\/wp-content\/uploads\/2025\/11\/CMB655X.png","type":"image\/png"}],"twitter_card":"summary_large_image","twitter_misc":{"Tiempo de lectura":"1 minuto"},"schema":{"@context":"https:\/\/schema.org","@graph":[{"@type":"WebPage","@id":"https:\/\/layutena.com\/index.php\/producto\/campana-purificador-60cm-3vel-inox-halog\/","url":"https:\/\/layutena.com\/index.php\/producto\/campana-purificador-60cm-3vel-inox-halog\/","name":"CAMPANA PURIFICADOR 60CM 3VEL INOX HALOG - La Yutena","isPartOf":{"@id":"https:\/\/layutena.com\/#website"},"primaryImageOfPage":{"@id":"https:\/\/layutena.com\/index.php\/producto\/campana-purificador-60cm-3vel-inox-halog\/#primaryimage"},"image":{"@id":"https:\/\/layutena.com\/index.php\/producto\/campana-purificador-60cm-3vel-inox-halog\/#primaryimage"},"thumbnailUrl":"https:\/\/layutena.com\/wp-content\/uploads\/2025\/11\/CMB655X.png","datePublished":"2025-11-27T13:23:48+00:00","dateModified":"2025-11-27T13:56:49+00:00","breadcrumb":{"@id":"https:\/\/layutena.com\/index.php\/producto\/campana-purificador-60cm-3vel-inox-halog\/#breadcrumb"},"inLanguage":"es","potentialAction":[{"@type":"ReadAction","target":["https:\/\/layutena.com\/index.php\/producto\/campana-purificador-60cm-3vel-inox-halog\/"]}]},{"@type":"ImageObject","inLanguage":"es","@id":"https:\/\/layutena.com\/index.php\/producto\/campana-purificador-60cm-3vel-inox-halog\/#primaryimage","url":"https:\/\/layutena.com\/wp-content\/uploads\/2025\/11\/CMB655X.png","contentUrl":"https:\/\/layutena.com\/wp-content\/uploads\/2025\/11\/CMB655X.png","width":800,"height":800},{"@type":"BreadcrumbList","@id":"https:\/\/layutena.com\/index.php\/producto\/campana-purificador-60cm-3vel-inox-halog\/#breadcrumb","itemListElement":[{"@type":"ListItem","position":1,"name":"Portada","item":"https:\/\/layutena.com\/"},{"@type":"ListItem","position":2,"name":"Productos","item":"https:\/\/layutena.com\/index.php\/shop\/"},{"@type":"ListItem","position":3,"name":"CAMPANA PURIFICADOR 60CM 3VEL INOX HALOG"}]},{"@type":"WebSite","@id":"https:\/\/layutena.com\/#website","url":"https:\/\/layutena.com\/","name":"La Yutena","description":"","potentialAction":[{"@type":"SearchAction","target":{"@type":"EntryPoint","urlTemplate":"https:\/\/layutena.com\/?s={search_term_string}"},"query-input":{"@type":"PropertyValueSpecification","valueRequired":true,"valueName":"search_term_string"}}],"inLanguage":"es"}]}},"jetpack_sharing_enabled":true,"_links":{"self":[{"href":"https:\/\/layutena.com\/index.php\/wp-json\/wp\/v2\/product\/30604","targetHints":{"allow":["GET"]}}],"collection":[{"href":"https:\/\/layutena.com\/index.php\/wp-json\/wp\/v2\/product"}],"about":[{"href":"https:\/\/layutena.com\/index.php\/wp-json\/wp\/v2\/types\/product"}],"version-history":[{"count":2,"href":"https:\/\/layutena.com\/index.php\/wp-json\/wp\/v2\/product\/30604\/revisions"}],"predecessor-version":[{"id":30612,"href":"https:\/\/layutena.com\/index.php\/wp-json\/wp\/v2\/product\/30604\/revisions\/30612"}],"wp:featuredmedia":[{"embeddable":true,"href":"https:\/\/layutena.com\/index.php\/wp-json\/wp\/v2\/media\/30611"}],"wp:attachment":[{"href":"https:\/\/layutena.com\/index.php\/wp-json\/wp\/v2\/media?parent=30604"}],"wp:term":[{"taxonomy":"product_brand","embeddable":true,"href":"https:\/\/layutena.com\/index.php\/wp-json\/wp\/v2\/product_brand?post=30604"},{"taxonomy":"product_cat","embeddable":true,"href":"https:\/\/layutena.com\/index.php\/wp-json\/wp\/v2\/product_cat?post=30604"},{"taxonomy":"product_tag","embeddable":true,"href":"https:\/\/layutena.com\/index.php\/wp-json\/wp\/v2\/product_tag?post=30604"}],"curies":[{"name":"wp","href":"https:\/\/api.w.org\/{rel}","templated":true}]}}