{"id":29808,"date":"2025-11-12T19:08:17","date_gmt":"2025-11-12T19:08:17","guid":{"rendered":"https:\/\/layutena.com\/index.php\/producto\/speed-olla-a-presion-elect-5lt-analogico-1300w-blanco\/"},"modified":"2025-11-12T19:08:19","modified_gmt":"2025-11-12T19:08:19","slug":"speed-olla-a-presion-elect-5lt-analogico-1300w-blanco","status":"publish","type":"product","link":"https:\/\/layutena.com\/index.php\/producto\/speed-olla-a-presion-elect-5lt-analogico-1300w-blanco\/","title":{"rendered":"SPEED OLLA A PRESION ELECT 5LT ANALOGICO 1300W BLANCO"},"content":{"rendered":"<p>-Cocina a la perfecci\u00f3n. -Ahorra tiempo y energ\u00eda F\u00e1cil de cerrar y abrir. -Ajustes de cocci\u00f3n: Cocinar arroz, Gachas, Calentar, Hervir, Verduras al vapor, y Guiso. -Rango de temperatura: 60-80\u00baC<br \/>\n.<\/p>\n<p>1300 W<\/p>\n<p>220-240V\/50-60Hz<\/p>\n","protected":false},"excerpt":{"rendered":"<p>-Cocina a la perfecci\u00f3n. -Ahorra tiempo y energ\u00eda F\u00e1cil de cerrar y abrir. -Ajustes de cocci\u00f3n: Cocinar arroz, Gachas, Calentar,<\/p>\n","protected":false},"featured_media":0,"template":"","meta":[],"product_brand":[95],"product_cat":[115],"product_tag":[],"class_list":{"0":"post-29808","1":"product","2":"type-product","3":"status-publish","5":"product_brand-speed","6":"product_cat-olla","8":"first","9":"instock","10":"sold-individually","11":"product-type-simple"},"yoast_head":"<!-- This site is optimized with the Yoast SEO plugin v27.1.1 - https:\/\/yoast.com\/product\/yoast-seo-wordpress\/ -->\n<title>SPEED OLLA A PRESION ELECT 5LT ANALOGICO 1300W BLANCO - La Yutena<\/title>\n<meta name=\"robots\" content=\"index, follow, max-snippet:-1, max-image-preview:large, max-video-preview:-1\" \/>\n<link rel=\"canonical\" href=\"https:\/\/layutena.com\/index.php\/producto\/speed-olla-a-presion-elect-5lt-analogico-1300w-blanco\/\" \/>\n<meta property=\"og:locale\" content=\"es_ES\" \/>\n<meta property=\"og:type\" content=\"article\" \/>\n<meta property=\"og:title\" content=\"SPEED OLLA A PRESION ELECT 5LT ANALOGICO 1300W BLANCO - La Yutena\" \/>\n<meta property=\"og:description\" content=\"-Cocina a la perfecci\u00f3n. -Ahorra tiempo y energ\u00eda F\u00e1cil de cerrar y abrir. -Ajustes de cocci\u00f3n: Cocinar arroz, Gachas, Calentar,\" \/>\n<meta property=\"og:url\" content=\"https:\/\/layutena.com\/index.php\/producto\/speed-olla-a-presion-elect-5lt-analogico-1300w-blanco\/\" \/>\n<meta property=\"og:site_name\" content=\"La Yutena\" \/>\n<meta property=\"article:modified_time\" content=\"2025-11-12T19:08:19+00:00\" \/>\n<meta name=\"twitter:card\" content=\"summary_large_image\" \/>\n<script type=\"application\/ld+json\" class=\"yoast-schema-graph\">{\"@context\":\"https:\/\/schema.org\",\"@graph\":[{\"@type\":\"WebPage\",\"@id\":\"https:\/\/layutena.com\/index.php\/producto\/speed-olla-a-presion-elect-5lt-analogico-1300w-blanco\/\",\"url\":\"https:\/\/layutena.com\/index.php\/producto\/speed-olla-a-presion-elect-5lt-analogico-1300w-blanco\/\",\"name\":\"SPEED OLLA A PRESION ELECT 5LT ANALOGICO 1300W BLANCO - La Yutena\",\"isPartOf\":{\"@id\":\"https:\/\/layutena.com\/#website\"},\"datePublished\":\"2025-11-12T19:08:17+00:00\",\"dateModified\":\"2025-11-12T19:08:19+00:00\",\"breadcrumb\":{\"@id\":\"https:\/\/layutena.com\/index.php\/producto\/speed-olla-a-presion-elect-5lt-analogico-1300w-blanco\/#breadcrumb\"},\"inLanguage\":\"es\",\"potentialAction\":[{\"@type\":\"ReadAction\",\"target\":[\"https:\/\/layutena.com\/index.php\/producto\/speed-olla-a-presion-elect-5lt-analogico-1300w-blanco\/\"]}]},{\"@type\":\"BreadcrumbList\",\"@id\":\"https:\/\/layutena.com\/index.php\/producto\/speed-olla-a-presion-elect-5lt-analogico-1300w-blanco\/#breadcrumb\",\"itemListElement\":[{\"@type\":\"ListItem\",\"position\":1,\"name\":\"Portada\",\"item\":\"https:\/\/layutena.com\/\"},{\"@type\":\"ListItem\",\"position\":2,\"name\":\"Productos\",\"item\":\"https:\/\/layutena.com\/index.php\/shop\/\"},{\"@type\":\"ListItem\",\"position\":3,\"name\":\"SPEED OLLA A PRESION ELECT 5LT ANALOGICO 1300W BLANCO\"}]},{\"@type\":\"WebSite\",\"@id\":\"https:\/\/layutena.com\/#website\",\"url\":\"https:\/\/layutena.com\/\",\"name\":\"La Yutena\",\"description\":\"\",\"potentialAction\":[{\"@type\":\"SearchAction\",\"target\":{\"@type\":\"EntryPoint\",\"urlTemplate\":\"https:\/\/layutena.com\/?s={search_term_string}\"},\"query-input\":{\"@type\":\"PropertyValueSpecification\",\"valueRequired\":true,\"valueName\":\"search_term_string\"}}],\"inLanguage\":\"es\"}]}<\/script>\n<!-- \/ Yoast SEO plugin. -->","yoast_head_json":{"title":"SPEED OLLA A PRESION ELECT 5LT ANALOGICO 1300W BLANCO - La Yutena","robots":{"index":"index","follow":"follow","max-snippet":"max-snippet:-1","max-image-preview":"max-image-preview:large","max-video-preview":"max-video-preview:-1"},"canonical":"https:\/\/layutena.com\/index.php\/producto\/speed-olla-a-presion-elect-5lt-analogico-1300w-blanco\/","og_locale":"es_ES","og_type":"article","og_title":"SPEED OLLA A PRESION ELECT 5LT ANALOGICO 1300W BLANCO - La Yutena","og_description":"-Cocina a la perfecci\u00f3n. -Ahorra tiempo y energ\u00eda F\u00e1cil de cerrar y abrir. -Ajustes de cocci\u00f3n: Cocinar arroz, Gachas, Calentar,","og_url":"https:\/\/layutena.com\/index.php\/producto\/speed-olla-a-presion-elect-5lt-analogico-1300w-blanco\/","og_site_name":"La Yutena","article_modified_time":"2025-11-12T19:08:19+00:00","twitter_card":"summary_large_image","schema":{"@context":"https:\/\/schema.org","@graph":[{"@type":"WebPage","@id":"https:\/\/layutena.com\/index.php\/producto\/speed-olla-a-presion-elect-5lt-analogico-1300w-blanco\/","url":"https:\/\/layutena.com\/index.php\/producto\/speed-olla-a-presion-elect-5lt-analogico-1300w-blanco\/","name":"SPEED OLLA A PRESION ELECT 5LT ANALOGICO 1300W BLANCO - La Yutena","isPartOf":{"@id":"https:\/\/layutena.com\/#website"},"datePublished":"2025-11-12T19:08:17+00:00","dateModified":"2025-11-12T19:08:19+00:00","breadcrumb":{"@id":"https:\/\/layutena.com\/index.php\/producto\/speed-olla-a-presion-elect-5lt-analogico-1300w-blanco\/#breadcrumb"},"inLanguage":"es","potentialAction":[{"@type":"ReadAction","target":["https:\/\/layutena.com\/index.php\/producto\/speed-olla-a-presion-elect-5lt-analogico-1300w-blanco\/"]}]},{"@type":"BreadcrumbList","@id":"https:\/\/layutena.com\/index.php\/producto\/speed-olla-a-presion-elect-5lt-analogico-1300w-blanco\/#breadcrumb","itemListElement":[{"@type":"ListItem","position":1,"name":"Portada","item":"https:\/\/layutena.com\/"},{"@type":"ListItem","position":2,"name":"Productos","item":"https:\/\/layutena.com\/index.php\/shop\/"},{"@type":"ListItem","position":3,"name":"SPEED OLLA A PRESION ELECT 5LT ANALOGICO 1300W BLANCO"}]},{"@type":"WebSite","@id":"https:\/\/layutena.com\/#website","url":"https:\/\/layutena.com\/","name":"La Yutena","description":"","potentialAction":[{"@type":"SearchAction","target":{"@type":"EntryPoint","urlTemplate":"https:\/\/layutena.com\/?s={search_term_string}"},"query-input":{"@type":"PropertyValueSpecification","valueRequired":true,"valueName":"search_term_string"}}],"inLanguage":"es"}]}},"jetpack_sharing_enabled":true,"_links":{"self":[{"href":"https:\/\/layutena.com\/index.php\/wp-json\/wp\/v2\/product\/29808","targetHints":{"allow":["GET"]}}],"collection":[{"href":"https:\/\/layutena.com\/index.php\/wp-json\/wp\/v2\/product"}],"about":[{"href":"https:\/\/layutena.com\/index.php\/wp-json\/wp\/v2\/types\/product"}],"version-history":[{"count":1,"href":"https:\/\/layutena.com\/index.php\/wp-json\/wp\/v2\/product\/29808\/revisions"}],"predecessor-version":[{"id":29809,"href":"https:\/\/layutena.com\/index.php\/wp-json\/wp\/v2\/product\/29808\/revisions\/29809"}],"wp:attachment":[{"href":"https:\/\/layutena.com\/index.php\/wp-json\/wp\/v2\/media?parent=29808"}],"wp:term":[{"taxonomy":"product_brand","embeddable":true,"href":"https:\/\/layutena.com\/index.php\/wp-json\/wp\/v2\/product_brand?post=29808"},{"taxonomy":"product_cat","embeddable":true,"href":"https:\/\/layutena.com\/index.php\/wp-json\/wp\/v2\/product_cat?post=29808"},{"taxonomy":"product_tag","embeddable":true,"href":"https:\/\/layutena.com\/index.php\/wp-json\/wp\/v2\/product_tag?post=29808"}],"curies":[{"name":"wp","href":"https:\/\/api.w.org\/{rel}","templated":true}]}}